{"id":1331,"date":"2021-10-07T10:43:48","date_gmt":"2021-10-07T10:43:48","guid":{"rendered":"https:\/\/demosites.royal-elementor-addons.com\/digitalagency-v1\/?page_id=1331"},"modified":"2023-01-24T21:42:05","modified_gmt":"2023-01-24T21:42:05","slug":"sobre-nosotros","status":"publish","type":"page","link":"https:\/\/elsegurogeneral.com\/index.php\/sobre-nosotros\/","title":{"rendered":"Sobre nosotros"},"content":{"rendered":"\t\t<div data-elementor-type=\"wp-page\" data-elementor-id=\"1331\" class=\"elementor elementor-1331\" data-elementor-post-type=\"page\">\n\t\t\t\t\t\t<section class=\"elementor-section elementor-top-section elementor-element elementor-element-778b018b elementor-section-height-min-height elementor-section-boxed elementor-section-height-default elementor-section-items-middle wpr-particle-no wpr-jarallax-no wpr-parallax-no wpr-sticky-section-no wpr-equal-height-no\" data-id=\"778b018b\" data-element_type=\"section\" data-e-type=\"section\" data-settings=\"{&quot;background_background&quot;:&quot;classic&quot;}\">\n\t\t\t\t\t\t<div class=\"elementor-container elementor-column-gap-no\">\n\t\t\t\t\t<div class=\"elementor-column elementor-col-100 elementor-top-column elementor-element elementor-element-21f09f5d\" data-id=\"21f09f5d\" data-element_type=\"column\" data-e-type=\"column\">\n\t\t\t<div class=\"elementor-widget-wrap elementor-element-populated\">\n\t\t\t\t\t\t<div class=\"elementor-element elementor-element-ba32924 elementor-widget elementor-widget-heading\" data-id=\"ba32924\" data-element_type=\"widget\" data-e-type=\"widget\" data-widget_type=\"heading.default\">\n\t\t\t\t<div class=\"elementor-widget-container\">\n\t\t\t\t\t<h2 class=\"elementor-heading-title elementor-size-default\">Sobre nosotros<\/h2>\t\t\t\t<\/div>\n\t\t\t\t<\/div>\n\t\t\t\t<div class=\"elementor-element elementor-element-0f1e96d elementor-widget-divider--view-line elementor-widget elementor-widget-divider\" data-id=\"0f1e96d\" data-element_type=\"widget\" data-e-type=\"widget\" data-widget_type=\"divider.default\">\n\t\t\t\t<div class=\"elementor-widget-container\">\n\t\t\t\t\t\t\t<div class=\"elementor-divider\">\n\t\t\t<span class=\"elementor-divider-separator\">\n\t\t\t\t\t\t<\/span>\n\t\t<\/div>\n\t\t\t\t\t\t<\/div>\n\t\t\t\t<\/div>\n\t\t\t\t<div class=\"elementor-element elementor-element-21dce9c elementor-widget elementor-widget-text-editor\" data-id=\"21dce9c\" data-element_type=\"widget\" data-e-type=\"widget\" data-widget_type=\"text-editor.default\">\n\t\t\t\t<div class=\"elementor-widget-container\">\n\t\t\t\t\t\t\t\t\t<p>Bienvenidos a nuestra correduria de seguros<\/p>\t\t\t\t\t\t\t\t<\/div>\n\t\t\t\t<\/div>\n\t\t\t\t\t<\/div>\n\t\t<\/div>\n\t\t\t\t\t<\/div>\n\t\t<\/section>\n\t\t\t\t<section class=\"elementor-section elementor-top-section elementor-element elementor-element-6b1bec20 elementor-section-boxed elementor-section-height-default elementor-section-height-default wpr-particle-no wpr-jarallax-no wpr-parallax-no wpr-sticky-section-no wpr-equal-height-no\" data-id=\"6b1bec20\" data-element_type=\"section\" data-e-type=\"section\">\n\t\t\t\t\t\t<div class=\"elementor-container elementor-column-gap-default\">\n\t\t\t\t\t<div class=\"elementor-column elementor-col-100 elementor-top-column elementor-element elementor-element-15819a22\" data-id=\"15819a22\" data-element_type=\"column\" data-e-type=\"column\" data-settings=\"{&quot;background_background&quot;:&quot;classic&quot;}\">\n\t\t\t<div class=\"elementor-widget-wrap elementor-element-populated\">\n\t\t\t\t\t\t<section class=\"elementor-section elementor-inner-section elementor-element elementor-element-2be0c252 elementor-section-boxed elementor-section-height-default elementor-section-height-default wpr-particle-no wpr-jarallax-no wpr-parallax-no wpr-sticky-section-no wpr-equal-height-no\" data-id=\"2be0c252\" data-element_type=\"section\" data-e-type=\"section\">\n\t\t\t\t\t\t<div class=\"elementor-container elementor-column-gap-default\">\n\t\t\t\t\t<div class=\"elementor-column elementor-col-50 elementor-inner-column elementor-element elementor-element-7a0ec7ed\" data-id=\"7a0ec7ed\" data-element_type=\"column\" data-e-type=\"column\">\n\t\t\t<div class=\"elementor-widget-wrap elementor-element-populated\">\n\t\t\t\t\t\t<div class=\"elementor-element elementor-element-6ed1b90 elementor-widget elementor-widget-image\" data-id=\"6ed1b90\" data-element_type=\"widget\" data-e-type=\"widget\" data-widget_type=\"image.default\">\n\t\t\t\t<div class=\"elementor-widget-container\">\n\t\t\t\t\t\t\t\t\t\t\t\t\t\t\t<img fetchpriority=\"high\" decoding=\"async\" width=\"330\" height=\"422\" src=\"https:\/\/elsegurogeneral.com\/wp-content\/uploads\/2022\/08\/Marvin_pic.jpg\" class=\"attachment-full size-full wp-image-32\" alt=\"\" srcset=\"https:\/\/elsegurogeneral.com\/wp-content\/uploads\/2022\/08\/Marvin_pic.jpg 330w, https:\/\/elsegurogeneral.com\/wp-content\/uploads\/2022\/08\/Marvin_pic-235x300.jpg 235w\" sizes=\"(max-width: 330px) 100vw, 330px\" \/>\t\t\t\t\t\t\t\t\t\t\t\t\t\t\t<\/div>\n\t\t\t\t<\/div>\n\t\t\t\t\t<\/div>\n\t\t<\/div>\n\t\t\t\t<div class=\"elementor-column elementor-col-50 elementor-inner-column elementor-element elementor-element-f23f4f4\" data-id=\"f23f4f4\" data-element_type=\"column\" data-e-type=\"column\">\n\t\t\t<div class=\"elementor-widget-wrap elementor-element-populated\">\n\t\t\t\t\t\t<div class=\"elementor-element elementor-element-bf428a9 elementor-widget elementor-widget-text-editor\" data-id=\"bf428a9\" data-element_type=\"widget\" data-e-type=\"widget\" data-widget_type=\"text-editor.default\">\n\t\t\t\t<div class=\"elementor-widget-container\">\n\t\t\t\t\t\t\t\t\t<p>nuestra empresa<\/p>\t\t\t\t\t\t\t\t<\/div>\n\t\t\t\t<\/div>\n\t\t\t\t<div class=\"elementor-element elementor-element-ac6913c elementor-widget elementor-widget-heading\" data-id=\"ac6913c\" data-element_type=\"widget\" data-e-type=\"widget\" data-widget_type=\"heading.default\">\n\t\t\t\t<div class=\"elementor-widget-container\">\n\t\t\t\t\t<h2 class=\"elementor-heading-title elementor-size-default\">Sobre nosotros<\/h2>\t\t\t\t<\/div>\n\t\t\t\t<\/div>\n\t\t\t\t<div class=\"elementor-element elementor-element-6c3dca6 elementor-widget elementor-widget-text-editor\" data-id=\"6c3dca6\" data-element_type=\"widget\" data-e-type=\"widget\" data-widget_type=\"text-editor.default\">\n\t\t\t\t<div class=\"elementor-widget-container\">\n\t\t\t\t\t\t\t\t\t<p>ElSeguroGeneral.com es la Corredur\u00eda de Seguros Online de Fuentes Majano Consultores, fundada en el a\u00f1o 2014 para dar servicio de gerencia de riesgos y seguros en todos los ramos, una empresa l\u00edder en innovaci\u00f3n y de capital 100% independiente de las compa\u00f1\u00edas aseguradoras.<\/p><p>Somos profesionales del seguro: hemos demostrado nuestra honorabilidad comercial y profesional, as\u00ed como nuestra independencia ante la Direcci\u00f3n General de Seguros, para que se nos permita realizar nuestra actividad.<\/p><p>ElSeguroGeneral.com es la marca de comercializaci\u00f3n de Fuentes Majano Consultores S.L. corredur\u00eda de seguros con domicilio social en el n\u00famero 37 de la Calle Cristo en Most\u00f3les (28934 Madrid) y CIF <strong>B86925971<\/strong>, est\u00e1 inscrita en el Registro Mercantil de Madrid, tomo 32.002, folio 107, inscripci\u00f3n 1, hoja M-575836. nuestra autorizaci\u00f3n administrativa para actuar como corredur\u00eda (<strong>Autorizaci\u00f3n J-3146<\/strong>)\u00a0La corredur\u00eda tiene concertado un Seguro de Responsabilidad Civil, seg\u00fan Ley 26\/2006 de Mediaci\u00f3n de Seguros y reaseguros privados.<\/p>\t\t\t\t\t\t\t\t<\/div>\n\t\t\t\t<\/div>\n\t\t\t\t<div class=\"elementor-element elementor-element-9dcd564 wpr-button-icon-style-inline wpr-button-icon-position-right elementor-widget elementor-widget-wpr-button\" data-id=\"9dcd564\" data-element_type=\"widget\" data-e-type=\"widget\" data-widget_type=\"wpr-button.default\">\n\t\t\t\t<div class=\"elementor-widget-container\">\n\t\t\t\t\t\t\n\t\t\t\n\t\t\n\t\t<div class=\"wpr-button-wrap elementor-clearfix\">\n\t\t<a class=\"wpr-button wpr-button-effect wpr-button-none\" data-text=\"\" href=\"#link\">\n\t\t\t\n\t\t\t<span class=\"wpr-button-content\">\n\t\t\t\t\t\t\t\t\t<span class=\"wpr-button-text\">Solicitar presupuesto<\/span>\n\t\t\t\t\t\t\t\t\n\t\t\t\t\t\t\t<\/span>\n\t\t<\/a>\n\n\t\t\t\t<\/div>\n\t\n\t\n\t\t\t\t\t<\/div>\n\t\t\t\t<\/div>\n\t\t\t\t\t<\/div>\n\t\t<\/div>\n\t\t\t\t\t<\/div>\n\t\t<\/section>\n\t\t\t\t\t<\/div>\n\t\t<\/div>\n\t\t\t\t\t<\/div>\n\t\t<\/section>\n\t\t\t\t<\/div>\n\t\t","protected":false},"excerpt":{"rendered":"<p>Sobre nosotros Bienvenidos a nuestra correduria de seguros nuestra empresa Sobre nosotros ElSeguroGeneral.com es la Corredur\u00eda de Seguros Online de Fuentes Majano Consultores, fundada en el a\u00f1o 2014 para dar servicio de gerencia de riesgos y seguros en todos los ramos, una empresa l\u00edder en innovaci\u00f3n y de capital 100% independiente de las compa\u00f1\u00edas aseguradoras. Somos profesionales del seguro: hemos demostrado nuestra honorabilidad comercial y profesional, as\u00ed como nuestra independencia ante la Direcci\u00f3n General de Seguros, para que se nos permita realizar nuestra actividad. ElSeguroGeneral.com es la marca de comercializaci\u00f3n de Fuentes Majano Consultores S.L. corredur\u00eda de seguros con domicilio social en el n\u00famero 37 de la Calle Cristo en Most\u00f3les (28934 Madrid) y CIF B86925971, est\u00e1 inscrita en el Registro Mercantil de Madrid, tomo 32.002, folio 107, inscripci\u00f3n 1, hoja M-575836. nuestra autorizaci\u00f3n administrativa para actuar como corredur\u00eda (Autorizaci\u00f3n J-3146)\u00a0La corredur\u00eda tiene concertado un Seguro de Responsabilidad Civil, seg\u00fan Ley 26\/2006 de Mediaci\u00f3n de Seguros y reaseguros privados. Solicitar presupuesto<\/p>\n","protected":false},"author":1,"featured_media":0,"parent":0,"menu_order":0,"comment_status":"closed","ping_status":"closed","template":"elementor_canvas","meta":{"_joinchat":[],"footnotes":""},"class_list":["post-1331","page","type-page","status-publish","hentry"],"_links":{"self":[{"href":"https:\/\/elsegurogeneral.com\/index.php\/wp-json\/wp\/v2\/pages\/1331","targetHints":{"allow":["GET"]}}],"collection":[{"href":"https:\/\/elsegurogeneral.com\/index.php\/wp-json\/wp\/v2\/pages"}],"about":[{"href":"https:\/\/elsegurogeneral.com\/index.php\/wp-json\/wp\/v2\/types\/page"}],"author":[{"embeddable":true,"href":"https:\/\/elsegurogeneral.com\/index.php\/wp-json\/wp\/v2\/users\/1"}],"replies":[{"embeddable":true,"href":"https:\/\/elsegurogeneral.com\/index.php\/wp-json\/wp\/v2\/comments?post=1331"}],"version-history":[{"count":10,"href":"https:\/\/elsegurogeneral.com\/index.php\/wp-json\/wp\/v2\/pages\/1331\/revisions"}],"predecessor-version":[{"id":2695,"href":"https:\/\/elsegurogeneral.com\/index.php\/wp-json\/wp\/v2\/pages\/1331\/revisions\/2695"}],"wp:attachment":[{"href":"https:\/\/elsegurogeneral.com\/index.php\/wp-json\/wp\/v2\/media?parent=1331"}],"curies":[{"name":"wp","href":"https:\/\/api.w.org\/{rel}","templated":true}]}}