{"id":2902,"date":"2023-05-06T22:30:26","date_gmt":"2023-05-06T22:30:26","guid":{"rendered":"https:\/\/elsegurogeneral.com\/?page_id=2902"},"modified":"2023-05-13T20:56:56","modified_gmt":"2023-05-13T20:56:56","slug":"sobre-nosotros-2","status":"publish","type":"page","link":"https:\/\/elsegurogeneral.com\/index.php\/sobre-nosotros-2\/","title":{"rendered":"Nuestro Blog"},"content":{"rendered":"\t\t<div data-elementor-type=\"wp-page\" data-elementor-id=\"2902\" class=\"elementor elementor-2902\" data-elementor-post-type=\"page\">\n\t\t\t\t\t\t<section class=\"elementor-section elementor-top-section elementor-element elementor-element-778b018b elementor-section-height-min-height elementor-section-boxed elementor-section-height-default elementor-section-items-middle wpr-particle-no wpr-jarallax-no wpr-parallax-no wpr-sticky-section-no wpr-equal-height-no\" data-id=\"778b018b\" data-element_type=\"section\" data-e-type=\"section\" data-settings=\"{&quot;background_background&quot;:&quot;classic&quot;}\">\n\t\t\t\t\t\t<div class=\"elementor-container elementor-column-gap-no\">\n\t\t\t\t\t<div class=\"elementor-column elementor-col-100 elementor-top-column elementor-element elementor-element-21f09f5d\" data-id=\"21f09f5d\" data-element_type=\"column\" data-e-type=\"column\">\n\t\t\t<div class=\"elementor-widget-wrap elementor-element-populated\">\n\t\t\t\t\t\t<div class=\"elementor-element elementor-element-ba32924 elementor-widget elementor-widget-heading\" data-id=\"ba32924\" data-element_type=\"widget\" data-e-type=\"widget\" data-widget_type=\"heading.default\">\n\t\t\t\t<div class=\"elementor-widget-container\">\n\t\t\t\t\t<h2 class=\"elementor-heading-title elementor-size-default\">Nuestro Blog<\/h2>\t\t\t\t<\/div>\n\t\t\t\t<\/div>\n\t\t\t\t<div class=\"elementor-element elementor-element-0f1e96d elementor-widget-divider--view-line elementor-widget elementor-widget-divider\" data-id=\"0f1e96d\" data-element_type=\"widget\" data-e-type=\"widget\" data-widget_type=\"divider.default\">\n\t\t\t\t<div class=\"elementor-widget-container\">\n\t\t\t\t\t\t\t<div class=\"elementor-divider\">\n\t\t\t<span class=\"elementor-divider-separator\">\n\t\t\t\t\t\t<\/span>\n\t\t<\/div>\n\t\t\t\t\t\t<\/div>\n\t\t\t\t<\/div>\n\t\t\t\t\t<\/div>\n\t\t<\/div>\n\t\t\t\t\t<\/div>\n\t\t<\/section>\n\t\t\t\t<section class=\"elementor-section elementor-top-section elementor-element elementor-element-9dd7c91 elementor-section-boxed elementor-section-height-default elementor-section-height-default wpr-particle-no wpr-jarallax-no wpr-parallax-no wpr-sticky-section-no wpr-equal-height-no\" data-id=\"9dd7c91\" data-element_type=\"section\" data-e-type=\"section\">\n\t\t\t\t\t\t<div class=\"elementor-container elementor-column-gap-default\">\n\t\t\t\t\t<div class=\"elementor-column elementor-col-66 elementor-top-column elementor-element elementor-element-646f5f6\" data-id=\"646f5f6\" data-element_type=\"column\" data-e-type=\"column\">\n\t\t\t<div class=\"elementor-widget-wrap elementor-element-populated\">\n\t\t\t\t\t\t<div class=\"elementor-element elementor-element-0442ae6 wpr-grid-columns-3 wpr-grid-columns--tablet2 wpr-grid-columns--mobile1 wpr-grid-pagination-center wpr-item-styles-inner elementor-widget elementor-widget-wpr-grid\" data-id=\"0442ae6\" data-element_type=\"widget\" data-e-type=\"widget\" data-widget_type=\"wpr-grid.default\">\n\t\t\t\t<div class=\"elementor-widget-container\">\n\t\t\t\t\t<ul class=\"wpr-grid-filters elementor-clearfix wpr-grid-filters-sep-right\"><li class=\" wpr-pointer-none wpr-pointer-line-fx wpr-pointer-fx-none\"><a class=\" \" href=\"https:\/\/elsegurogeneral.com\/index.php\/category\/productos\/\"  data-ajax-filter=[\"category\",\"productos\"]  data-filter=\".category-productos\">Productos<\/a><em class=\"wpr-grid-filters-sep\"><\/em><\/li><li class=\" wpr-pointer-none wpr-pointer-line-fx wpr-pointer-fx-none\"><a class=\" \" href=\"https:\/\/elsegurogeneral.com\/index.php\/category\/seguros-de-mascotas\/\"  data-ajax-filter=[\"category\",\"seguros-de-mascotas\"]  data-filter=\".category-seguros-de-mascotas\">Seguros de mascotas<\/a><em class=\"wpr-grid-filters-sep\"><\/em><\/li><li class=\" wpr-pointer-none wpr-pointer-line-fx wpr-pointer-fx-none\"><a class=\" \" href=\"https:\/\/elsegurogeneral.com\/index.php\/category\/seguros-de-responsabilidad-civil\/\"  data-ajax-filter=[\"category\",\"seguros-de-responsabilidad-civil\"]  data-filter=\".category-seguros-de-responsabilidad-civil\">Seguros de responsabilidad civil<\/a><em class=\"wpr-grid-filters-sep\"><\/em><\/li><li class=\" wpr-pointer-none wpr-pointer-line-fx wpr-pointer-fx-none\"><a class=\" \" href=\"https:\/\/elsegurogeneral.com\/index.php\/category\/seguros-de-responsabilidad-civil-profesional\/\"  data-ajax-filter=[\"category\",\"seguros-de-responsabilidad-civil-profesional\"]  data-filter=\".category-seguros-de-responsabilidad-civil-profesional\">Seguros de responsabilidad civil profesional<\/a><em class=\"wpr-grid-filters-sep\"><\/em><\/li><li data-role=\"parent\" class=\" wpr-pointer-none wpr-pointer-line-fx wpr-pointer-fx-none\"><a class=\" \" href=\"https:\/\/elsegurogeneral.com\/index.php\/category\/seguros-para-cosas\/\"  data-ajax-filter=[\"category\",\"seguros-para-cosas\"]  data-filter=\".category-seguros-para-cosas\">Seguros para Cosas<\/a><em class=\"wpr-grid-filters-sep\"><\/em><\/li><li data-role=\"parent\" class=\" wpr-pointer-none wpr-pointer-line-fx wpr-pointer-fx-none\"><a class=\" \" href=\"https:\/\/elsegurogeneral.com\/index.php\/category\/seguros-para-personas\/\"  data-ajax-filter=[\"category\",\"seguros-para-personas\"]  data-filter=\".category-seguros-para-personas\">Seguros para Personas<\/a><em class=\"wpr-grid-filters-sep\"><\/em><\/li><\/ul><section class=\"wpr-grid elementor-clearfix\" data-settings=\"{&quot;layout&quot;:&quot;fitRows&quot;,&quot;stick_last_element_to_bottom&quot;:&quot;&quot;,&quot;columns_desktop&quot;:3,&quot;gutter_hr&quot;:15,&quot;gutter_hr_mobile&quot;:15,&quot;gutter_hr_mobile_extra&quot;:15,&quot;gutter_hr_tablet&quot;:15,&quot;gutter_hr_tablet_extra&quot;:15,&quot;gutter_hr_laptop&quot;:15,&quot;gutter_hr_widescreen&quot;:15,&quot;gutter_vr&quot;:15,&quot;gutter_vr_mobile&quot;:15,&quot;gutter_vr_mobile_extra&quot;:15,&quot;gutter_vr_tablet&quot;:15,&quot;gutter_vr_tablet_extra&quot;:15,&quot;gutter_vr_laptop&quot;:15,&quot;gutter_vr_widescreen&quot;:15,&quot;animation&quot;:&quot;default&quot;,&quot;animation_duration&quot;:0.3,&quot;animation_delay&quot;:0.1,&quot;deeplinking&quot;:&quot;&quot;,&quot;filters_linkable&quot;:&quot;yes&quot;,&quot;filters_default_filter&quot;:&quot;&quot;,&quot;filters_count&quot;:&quot;&quot;,&quot;filters_hide_empty&quot;:&quot;no&quot;,&quot;filters_animation&quot;:&quot;default&quot;,&quot;filters_animation_duration&quot;:0.3,&quot;filters_animation_delay&quot;:0.1,&quot;pagination_type&quot;:&quot;load-more&quot;,&quot;pagination_max_pages&quot;:1,&quot;lightbox&quot;:{&quot;selector&quot;:&quot;.wpr-grid-image-wrap&quot;,&quot;iframeMaxWidth&quot;:&quot;60%&quot;,&quot;hash&quot;:false,&quot;autoplay&quot;:&quot;true&quot;,&quot;pause&quot;:5000,&quot;progressBar&quot;:&quot;true&quot;,&quot;counter&quot;:&quot;true&quot;,&quot;controls&quot;:&quot;true&quot;,&quot;getCaptionFromTitleOrAlt&quot;:&quot;true&quot;,&quot;thumbnail&quot;:&quot;&quot;,&quot;showThumbByDefault&quot;:&quot;&quot;,&quot;share&quot;:&quot;&quot;,&quot;zoom&quot;:&quot;true&quot;,&quot;fullScreen&quot;:&quot;true&quot;,&quot;download&quot;:&quot;true&quot;}}\" data-advanced-filters=\"no\"><article class=\"wpr-grid-item elementor-clearfix post-2981 post type-post status-publish format-standard has-post-thumbnail hentry category-seguros-de-automovil tag-polizas-de-seguro tag-proteger-vehiculo tag-seguro-de-coche\"><div class=\"wpr-grid-item-inner\"><div class=\"wpr-grid-media-wrap wpr-effect-size-medium \" data-overlay-link=\"yes\"><div class=\"wpr-grid-image-wrap\" data-src=\"https:\/\/elsegurogeneral.com\/wp-content\/uploads\/2023\/05\/illustration-of-a-car-modern-design-for.png\" data-img-on-hover=\"\"  data-src-secondary=\"\"><img decoding=\"async\" data-no-lazy=\"1\" src=\"https:\/\/elsegurogeneral.com\/wp-content\/uploads\/2023\/05\/illustration-of-a-car-modern-design-for.png\" alt=\"illustration of a car, modern design, for the web, cute, happy, 4k, high resolution, trending in artstation\" class=\"wpr-anim-timing-ease-default\"><\/div><div class=\"wpr-grid-media-hover wpr-animation-wrap\"><div class=\"wpr-grid-media-hover-bg  wpr-overlay-fade-in wpr-anim-size-large wpr-anim-timing-ease-default wpr-anim-transparency\" data-url=\"https:\/\/elsegurogeneral.com\/index.php\/2023\/05\/08\/protege-vehiculo-polizas-seguro\/\"><\/div><\/div><\/div><div class=\"wpr-grid-item-below-content elementor-clearfix\"><h2 class=\"wpr-grid-item-title elementor-repeater-item-36f7d77 wpr-grid-item-display-block wpr-grid-item-align-left wpr-pointer-none wpr-pointer-line-fx wpr-pointer-fx-fade\"><div class=\"inner-block\"><a target=\"_self\"  href=\"https:\/\/elsegurogeneral.com\/index.php\/2023\/05\/08\/protege-vehiculo-polizas-seguro\/\">Protege tu veh\u00edculo con p\u00f3lizas de seguro<\/a><\/div><\/h2><div class=\"wpr-grid-item-date elementor-repeater-item-5426b8c wpr-grid-item-display-inline wpr-grid-item-align-left\"><div class=\"inner-block\"><span>mayo 8, 2023<span class=\"wpr-grid-extra-text-right\">\/<\/span><\/span><\/div><\/div><div class=\"wpr-grid-item-comments elementor-repeater-item-ee6f611 wpr-grid-item-display-inline wpr-grid-item-align-left\"><div class=\"inner-block\"><a href=\"https:\/\/elsegurogeneral.com\/index.php\/2023\/05\/08\/protege-vehiculo-polizas-seguro\/#respond\"><span>No Comments<\/span><\/a><\/div><\/div><div class=\"wpr-grid-item-excerpt elementor-repeater-item-06aa7d7 wpr-grid-item-display-block wpr-grid-item-align-left\"><div class=\"inner-block\"><p>Protege tu bien m\u00e1s valioso con las mejores p\u00f3lizas de seguro para veh\u00edculos. \u00a1No te arriesgues y asegura tu tranquilidad...<\/p><\/div><\/div><div class=\"wpr-grid-item-read-more elementor-repeater-item-7c5b612 wpr-grid-item-display-block wpr-grid-item-align-left\"><div class=\"inner-block\"><a target=\"_self\" href=\"https:\/\/elsegurogeneral.com\/index.php\/2023\/05\/08\/protege-vehiculo-polizas-seguro\/\" class=\"wpr-button-effect wpr-button-none\"><span>Read More<\/span><\/a><\/div><\/div><\/div><\/div><\/article><article class=\"wpr-grid-item elementor-clearfix post-2982 post type-post status-publish format-standard has-post-thumbnail hentry category-seguros-de-vida tag-beneficios-a-largo-plazo tag-bienestar-familiar tag-proteccion-financiera tag-seguros-de-vida\"><div class=\"wpr-grid-item-inner\"><div class=\"wpr-grid-media-wrap wpr-effect-size-medium \" data-overlay-link=\"yes\"><div class=\"wpr-grid-image-wrap\" data-src=\"https:\/\/elsegurogeneral.com\/wp-content\/uploads\/2023\/05\/illustration-of-a-insurance-life-modern.png\" data-img-on-hover=\"\"  data-src-secondary=\"\"><img decoding=\"async\" data-no-lazy=\"1\" src=\"https:\/\/elsegurogeneral.com\/wp-content\/uploads\/2023\/05\/illustration-of-a-insurance-life-modern.png\" alt=\"illustration of a insurance life, modern design, for the web, cute, happy, 4k, high resolution, trending in artstation\" class=\"wpr-anim-timing-ease-default\"><\/div><div class=\"wpr-grid-media-hover wpr-animation-wrap\"><div class=\"wpr-grid-media-hover-bg  wpr-overlay-fade-in wpr-anim-size-large wpr-anim-timing-ease-default wpr-anim-transparency\" data-url=\"https:\/\/elsegurogeneral.com\/index.php\/2023\/05\/08\/protegiendo-tu-futuro-descubre-los-seguros-de-vida\/\"><\/div><\/div><\/div><div class=\"wpr-grid-item-below-content elementor-clearfix\"><h2 class=\"wpr-grid-item-title elementor-repeater-item-36f7d77 wpr-grid-item-display-block wpr-grid-item-align-left wpr-pointer-none wpr-pointer-line-fx wpr-pointer-fx-fade\"><div class=\"inner-block\"><a target=\"_self\"  href=\"https:\/\/elsegurogeneral.com\/index.php\/2023\/05\/08\/protegiendo-tu-futuro-descubre-los-seguros-de-vida\/\">Protegiendo tu futuro: Descubre los Seguros de Vida<\/a><\/div><\/h2><div class=\"wpr-grid-item-date elementor-repeater-item-5426b8c wpr-grid-item-display-inline wpr-grid-item-align-left\"><div class=\"inner-block\"><span>mayo 8, 2023<span class=\"wpr-grid-extra-text-right\">\/<\/span><\/span><\/div><\/div><div class=\"wpr-grid-item-comments elementor-repeater-item-ee6f611 wpr-grid-item-display-inline wpr-grid-item-align-left\"><div class=\"inner-block\"><a href=\"https:\/\/elsegurogeneral.com\/index.php\/2023\/05\/08\/protegiendo-tu-futuro-descubre-los-seguros-de-vida\/#respond\"><span>No Comments<\/span><\/a><\/div><\/div><div class=\"wpr-grid-item-excerpt elementor-repeater-item-06aa7d7 wpr-grid-item-display-block wpr-grid-item-align-left\"><div class=\"inner-block\"><p>Protege tu futuro con los seguros de vida. Descubre c\u00f3mo pueden brindarte paz mental y seguridad financiera.<\/p><\/div><\/div><div class=\"wpr-grid-item-read-more elementor-repeater-item-7c5b612 wpr-grid-item-display-block wpr-grid-item-align-left\"><div class=\"inner-block\"><a target=\"_self\" href=\"https:\/\/elsegurogeneral.com\/index.php\/2023\/05\/08\/protegiendo-tu-futuro-descubre-los-seguros-de-vida\/\" class=\"wpr-button-effect wpr-button-none\"><span>Read More<\/span><\/a><\/div><\/div><\/div><\/div><\/article><article class=\"wpr-grid-item elementor-clearfix post-2984 post type-post status-publish format-standard has-post-thumbnail hentry category-seguros-de-salud tag-atencion-medica tag-bienestar tag-cobertura-medica tag-seguros-de-salud tag-servicios-adicionales\"><div class=\"wpr-grid-item-inner\"><div class=\"wpr-grid-media-wrap wpr-effect-size-medium \" data-overlay-link=\"yes\"><div class=\"wpr-grid-image-wrap\" data-src=\"https:\/\/elsegurogeneral.com\/wp-content\/uploads\/2023\/05\/illustration-of-a-healthcare-modern-design.png\" data-img-on-hover=\"\"  data-src-secondary=\"\"><img decoding=\"async\" data-no-lazy=\"1\" src=\"https:\/\/elsegurogeneral.com\/wp-content\/uploads\/2023\/05\/illustration-of-a-healthcare-modern-design.png\" alt=\"illustration of a healthcare, modern design, for the web, cute, happy, 4k, high resolution, trending in artstation\" class=\"wpr-anim-timing-ease-default\"><\/div><div class=\"wpr-grid-media-hover wpr-animation-wrap\"><div class=\"wpr-grid-media-hover-bg  wpr-overlay-fade-in wpr-anim-size-large wpr-anim-timing-ease-default wpr-anim-transparency\" data-url=\"https:\/\/elsegurogeneral.com\/index.php\/2023\/05\/08\/cuida-tu-salud-descubre-los-seguros-mas-completos\/\"><\/div><\/div><\/div><div class=\"wpr-grid-item-below-content elementor-clearfix\"><h2 class=\"wpr-grid-item-title elementor-repeater-item-36f7d77 wpr-grid-item-display-block wpr-grid-item-align-left wpr-pointer-none wpr-pointer-line-fx wpr-pointer-fx-fade\"><div class=\"inner-block\"><a target=\"_self\"  href=\"https:\/\/elsegurogeneral.com\/index.php\/2023\/05\/08\/cuida-tu-salud-descubre-los-seguros-mas-completos\/\">Descubre los Seguros de Salud M\u00e1s Completos para Proteger tu Salud<\/a><\/div><\/h2><div class=\"wpr-grid-item-date elementor-repeater-item-5426b8c wpr-grid-item-display-inline wpr-grid-item-align-left\"><div class=\"inner-block\"><span>mayo 8, 2023<span class=\"wpr-grid-extra-text-right\">\/<\/span><\/span><\/div><\/div><div class=\"wpr-grid-item-comments elementor-repeater-item-ee6f611 wpr-grid-item-display-inline wpr-grid-item-align-left\"><div class=\"inner-block\"><a href=\"https:\/\/elsegurogeneral.com\/index.php\/2023\/05\/08\/cuida-tu-salud-descubre-los-seguros-mas-completos\/#respond\"><span>No Comments<\/span><\/a><\/div><\/div><div class=\"wpr-grid-item-excerpt elementor-repeater-item-06aa7d7 wpr-grid-item-display-block wpr-grid-item-align-left\"><div class=\"inner-block\"><p>Descubre los seguros m\u00e1s completos para cuidar tu salud y tener la tranquilidad de estar protegido en caso de cualquier...<\/p><\/div><\/div><div class=\"wpr-grid-item-read-more elementor-repeater-item-7c5b612 wpr-grid-item-display-block wpr-grid-item-align-left\"><div class=\"inner-block\"><a target=\"_self\" href=\"https:\/\/elsegurogeneral.com\/index.php\/2023\/05\/08\/cuida-tu-salud-descubre-los-seguros-mas-completos\/\" class=\"wpr-button-effect wpr-button-none\"><span>Read More<\/span><\/a><\/div><\/div><\/div><\/div><\/article><article class=\"wpr-grid-item elementor-clearfix post-2975 post type-post status-publish format-standard has-post-thumbnail hentry category-seguros-de-hogar tag-beneficios-del-seguro tag-proteccion-financiera tag-seguro-de-hogar\"><div class=\"wpr-grid-item-inner\"><div class=\"wpr-grid-media-wrap wpr-effect-size-medium \" data-overlay-link=\"yes\"><div class=\"wpr-grid-image-wrap\" data-src=\"https:\/\/elsegurogeneral.com\/wp-content\/uploads\/2023\/05\/illustration-of-a-home-modern-design-for.png\" data-img-on-hover=\"\"  data-src-secondary=\"\"><img decoding=\"async\" data-no-lazy=\"1\" src=\"https:\/\/elsegurogeneral.com\/wp-content\/uploads\/2023\/05\/illustration-of-a-home-modern-design-for.png\" alt=\"illustration of a home, modern design, for the web, cute, happy, 4k, high resolution, trending in artstation\" class=\"wpr-anim-timing-ease-default\"><\/div><div class=\"wpr-grid-media-hover wpr-animation-wrap\"><div class=\"wpr-grid-media-hover-bg  wpr-overlay-fade-in wpr-anim-size-large wpr-anim-timing-ease-default wpr-anim-transparency\" data-url=\"https:\/\/elsegurogeneral.com\/index.php\/2023\/05\/08\/protege-tu-hogar-hoy-con-seguros-de-calidad\/\"><\/div><\/div><\/div><div class=\"wpr-grid-item-below-content elementor-clearfix\"><h2 class=\"wpr-grid-item-title elementor-repeater-item-36f7d77 wpr-grid-item-display-block wpr-grid-item-align-left wpr-pointer-none wpr-pointer-line-fx wpr-pointer-fx-fade\"><div class=\"inner-block\"><a target=\"_self\"  href=\"https:\/\/elsegurogeneral.com\/index.php\/2023\/05\/08\/protege-tu-hogar-hoy-con-seguros-de-calidad\/\">Protege tu hogar hoy con seguros de calidad<\/a><\/div><\/h2><div class=\"wpr-grid-item-date elementor-repeater-item-5426b8c wpr-grid-item-display-inline wpr-grid-item-align-left\"><div class=\"inner-block\"><span>mayo 8, 2023<span class=\"wpr-grid-extra-text-right\">\/<\/span><\/span><\/div><\/div><div class=\"wpr-grid-item-comments elementor-repeater-item-ee6f611 wpr-grid-item-display-inline wpr-grid-item-align-left\"><div class=\"inner-block\"><a href=\"https:\/\/elsegurogeneral.com\/index.php\/2023\/05\/08\/protege-tu-hogar-hoy-con-seguros-de-calidad\/#respond\"><span>No Comments<\/span><\/a><\/div><\/div><div class=\"wpr-grid-item-excerpt elementor-repeater-item-06aa7d7 wpr-grid-item-display-block wpr-grid-item-align-left\"><div class=\"inner-block\"><p>Protege tu hogar hoy con seguros de calidad y descansa tranquilo sabiendo que est\u00e1s protegido contra cualquier imprevisto. No esperes...<\/p><\/div><\/div><div class=\"wpr-grid-item-read-more elementor-repeater-item-7c5b612 wpr-grid-item-display-block wpr-grid-item-align-left\"><div class=\"inner-block\"><a target=\"_self\" href=\"https:\/\/elsegurogeneral.com\/index.php\/2023\/05\/08\/protege-tu-hogar-hoy-con-seguros-de-calidad\/\" class=\"wpr-button-effect wpr-button-none\"><span>Read More<\/span><\/a><\/div><\/div><\/div><\/div><\/article><\/section>\t\t\t\t<\/div>\n\t\t\t\t<\/div>\n\t\t\t\t\t<\/div>\n\t\t<\/div>\n\t\t\t\t<div class=\"elementor-column elementor-col-33 elementor-top-column elementor-element elementor-element-1304bad\" data-id=\"1304bad\" data-element_type=\"column\" data-e-type=\"column\">\n\t\t\t<div class=\"elementor-widget-wrap elementor-element-populated\">\n\t\t\t\t\t\t<div class=\"elementor-element elementor-element-b97dedf elementor-widget elementor-widget-image\" data-id=\"b97dedf\" data-element_type=\"widget\" data-e-type=\"widget\" data-widget_type=\"image.default\">\n\t\t\t\t<div class=\"elementor-widget-container\">\n\t\t\t\t\t\t\t\t\t\t\t\t\t\t\t<img fetchpriority=\"high\" decoding=\"async\" width=\"300\" height=\"300\" src=\"https:\/\/elsegurogeneral.com\/wp-content\/uploads\/2023\/05\/illustration-of-a-bot-assitant-insurance-1-300x300.png\" class=\"attachment-medium size-medium wp-image-3029\" alt=\"illustration of a bot assitant insurance and umbrela, modern design, for the web, cute, happy, 4k, high resolution, trending in artstation\" srcset=\"https:\/\/elsegurogeneral.com\/wp-content\/uploads\/2023\/05\/illustration-of-a-bot-assitant-insurance-1-300x300.png 300w, https:\/\/elsegurogeneral.com\/wp-content\/uploads\/2023\/05\/illustration-of-a-bot-assitant-insurance-1-150x150.png 150w, https:\/\/elsegurogeneral.com\/wp-content\/uploads\/2023\/05\/illustration-of-a-bot-assitant-insurance-1-768x768.png 768w, https:\/\/elsegurogeneral.com\/wp-content\/uploads\/2023\/05\/illustration-of-a-bot-assitant-insurance-1.png 1024w\" sizes=\"(max-width: 300px) 100vw, 300px\" \/>\t\t\t\t\t\t\t\t\t\t\t\t\t\t\t<\/div>\n\t\t\t\t<\/div>\n\t\t\t\t<div class=\"elementor-element elementor-element-33123e1 elementor-widget elementor-widget-heading\" data-id=\"33123e1\" data-element_type=\"widget\" data-e-type=\"widget\" data-widget_type=\"heading.default\">\n\t\t\t\t<div class=\"elementor-widget-container\">\n\t\t\t\t\t<h3 class=\"elementor-heading-title elementor-size-default\">Preguntale a nuestro bot asistente experto en seguros.<\/h3>\t\t\t\t<\/div>\n\t\t\t\t<\/div>\n\t\t\t\t<div class=\"elementor-element elementor-element-92473df elementor-widget elementor-widget-shortcode\" data-id=\"92473df\" data-element_type=\"widget\" data-e-type=\"widget\" data-widget_type=\"shortcode.default\">\n\t\t\t\t<div class=\"elementor-widget-container\">\n\t\t\t\t\t\t\t<div class=\"elementor-shortcode\"><div class='mwai-chatbot-container' data-params='{&quot;aiName&quot;:&quot;AI: &quot;,&quot;userName&quot;:&quot;User: &quot;,&quot;guestName&quot;:&quot;Guest: &quot;,&quot;textSend&quot;:&quot;Enviar&quot;,&quot;textClear&quot;:&quot;Borrar&quot;,&quot;textInputPlaceholder&quot;:&quot;Escribe aqui tu mensaje...&quot;,&quot;textInputMaxLength&quot;:512,&quot;textCompliance&quot;:&quot;&quot;,&quot;startSentence&quot;:&quot;\\ud83d\\udc4b Hola! en que puedo ayudarte?&quot;,&quot;localMemory&quot;:true,&quot;themeId&quot;:&quot;messages&quot;,&quot;window&quot;:false,&quot;icon&quot;:&quot;&quot;,&quot;iconText&quot;:&quot;&quot;,&quot;iconAlt&quot;:&quot;AI Chatbot Avatar&quot;,&quot;iconPosition&quot;:&quot;bottom-right&quot;,&quot;fullscreen&quot;:false,&quot;copyButton&quot;:true}' data-system='{&quot;id&quot;:null,&quot;chatId&quot;:&quot;chatbot-2&quot;,&quot;userData&quot;:null,&quot;sessionId&quot;:&quot;N\\\/A&quot;,&quot;restNonce&quot;:&quot;5b9e726086&quot;,&quot;contextId&quot;:2975,&quot;pluginUrl&quot;:&quot;https:\\\/\\\/elsegurogeneral.com\\\/wp-content\\\/plugins\\\/ai-engine-pro\\\/&quot;,&quot;restUrl&quot;:&quot;https:\\\/\\\/elsegurogeneral.com\\\/index.php\\\/wp-json&quot;,&quot;debugMode&quot;:true,&quot;typewriter&quot;:false,&quot;speech_recognition&quot;:false,&quot;speech_synthesis&quot;:false}' data-theme='{&quot;type&quot;:&quot;internal&quot;,&quot;name&quot;:&quot;Messages&quot;,&quot;themeId&quot;:&quot;messages&quot;,&quot;settings&quot;:[],&quot;style&quot;:&quot;&quot;}'><\/div><\/div>\n\t\t\t\t\t\t<\/div>\n\t\t\t\t<\/div>\n\t\t\t\t\t<\/div>\n\t\t<\/div>\n\t\t\t\t\t<\/div>\n\t\t<\/section>\n\t\t\t\t<\/div>\n\t\t","protected":false},"excerpt":{"rendered":"<p>Nuestro Blog Seguros para Cosas Seguros para Personas Uncategorized Protege tu veh\u00edculo con p\u00f3lizas de seguro mayo 8, 2023\/No Comments Protege tu bien m\u00e1s valioso con las mejores p\u00f3lizas de seguro para veh\u00edculos. \u00a1No te arriesgues y asegura tu tranquilidad&hellip; Read More Protegiendo tu futuro: Descubre los Seguros de Vida mayo 8, 2023\/No Comments Protege tu futuro con los seguros de vida. Descubre c\u00f3mo pueden brindarte paz mental y seguridad financiera. Read More Descubre los Seguros de Salud M\u00e1s Completos para Proteger tu Salud mayo 8, 2023\/No Comments Descubre los seguros m\u00e1s completos para cuidar tu salud y tener la tranquilidad de estar protegido en caso de cualquier&hellip; Read More Protege tu hogar hoy con seguros de calidad mayo 8, 2023\/No Comments Protege tu hogar hoy con seguros de calidad y descansa tranquilo sabiendo que est\u00e1s protegido contra cualquier imprevisto. No esperes&hellip; Read More Preguntale a nuestro bot asistente experto en seguros.<\/p>\n","protected":false},"author":1,"featured_media":0,"parent":0,"menu_order":0,"comment_status":"closed","ping_status":"closed","template":"elementor_canvas","meta":{"_joinchat":[],"footnotes":""},"class_list":["post-2902","page","type-page","status-publish","hentry"],"_links":{"self":[{"href":"https:\/\/elsegurogeneral.com\/index.php\/wp-json\/wp\/v2\/pages\/2902","targetHints":{"allow":["GET"]}}],"collection":[{"href":"https:\/\/elsegurogeneral.com\/index.php\/wp-json\/wp\/v2\/pages"}],"about":[{"href":"https:\/\/elsegurogeneral.com\/index.php\/wp-json\/wp\/v2\/types\/page"}],"author":[{"embeddable":true,"href":"https:\/\/elsegurogeneral.com\/index.php\/wp-json\/wp\/v2\/users\/1"}],"replies":[{"embeddable":true,"href":"https:\/\/elsegurogeneral.com\/index.php\/wp-json\/wp\/v2\/comments?post=2902"}],"version-history":[{"count":28,"href":"https:\/\/elsegurogeneral.com\/index.php\/wp-json\/wp\/v2\/pages\/2902\/revisions"}],"predecessor-version":[{"id":3035,"href":"https:\/\/elsegurogeneral.com\/index.php\/wp-json\/wp\/v2\/pages\/2902\/revisions\/3035"}],"wp:attachment":[{"href":"https:\/\/elsegurogeneral.com\/index.php\/wp-json\/wp\/v2\/media?parent=2902"}],"curies":[{"name":"wp","href":"https:\/\/api.w.org\/{rel}","templated":true}]}}